{"id":2261,"date":"2019-11-06T15:26:49","date_gmt":"2019-11-06T14:26:49","guid":{"rendered":"https:\/\/www.ascires.com\/quienes-somos\/"},"modified":"2022-09-01T14:31:14","modified_gmt":"2022-09-01T12:31:14","slug":"about-u","status":"publish","type":"page","link":"https:\/\/www.ascires.com\/en\/about-u\/","title":{"rendered":"About us"},"content":{"rendered":"\n<h1 class=\"wp-block-heading\">About us<\/h1>\n","protected":false},"excerpt":{"rendered":"<p>About us<\/p>\n","protected":false},"author":1,"featured_media":0,"parent":0,"menu_order":0,"comment_status":"closed","ping_status":"closed","template":"page-templates\/about.php","meta":{"_acf_changed":false,"_monsterinsights_skip_tracking":false,"_monsterinsights_sitenote_active":false,"_monsterinsights_sitenote_note":"","_monsterinsights_sitenote_category":0,"footnotes":""},"class_list":["post-2261","page","type-page","status-publish","hentry"],"acf":[],"yoast_head":"<!-- This site is optimized with the Yoast SEO plugin v25.3 - https:\/\/yoast.com\/wordpress\/plugins\/seo\/ -->\n<title>About Us - Ascires Biomedical Group<\/title>\n<meta name=\"description\" content=\"Grupo biom\u00e9dico l\u00edder en Espa\u00f1a en Gen\u00e9tica, Diagn\u00f3stico por Imagen y Medicina Nuclear, adem\u00e1s de un referente en Oncolog\u00eda Radioter\u00e1pica\" \/>\n<meta name=\"robots\" content=\"index, follow, max-snippet:-1, max-image-preview:large, max-video-preview:-1\" \/>\n<link rel=\"canonical\" href=\"https:\/\/www.ascires.com\/en\/about-u\/\" \/>\n<meta property=\"og:locale\" content=\"en_US\" \/>\n<meta property=\"og:type\" content=\"article\" \/>\n<meta property=\"og:title\" content=\"About Us - Ascires Biomedical Group\" \/>\n<meta property=\"og:description\" content=\"Grupo biom\u00e9dico l\u00edder en Espa\u00f1a en Gen\u00e9tica, Diagn\u00f3stico por Imagen y Medicina Nuclear, adem\u00e1s de un referente en Oncolog\u00eda Radioter\u00e1pica\" \/>\n<meta property=\"og:url\" content=\"https:\/\/www.ascires.com\/en\/about-u\/\" \/>\n<meta property=\"og:site_name\" content=\"Ascires\" \/>\n<meta property=\"article:modified_time\" content=\"2022-09-01T12:31:14+00:00\" \/>\n<meta name=\"twitter:card\" content=\"summary_large_image\" \/>\n<meta name=\"twitter:label1\" content=\"Est. reading time\" \/>\n\t<meta name=\"twitter:data1\" content=\"1 minute\" \/>\n<script type=\"application\/ld+json\" class=\"yoast-schema-graph\">{\"@context\":\"https:\/\/schema.org\",\"@graph\":[{\"@type\":\"WebPage\",\"@id\":\"https:\/\/www.ascires.com\/en\/about-u\/\",\"url\":\"https:\/\/www.ascires.com\/en\/about-u\/\",\"name\":\"About Us - Ascires Biomedical Group\",\"isPartOf\":{\"@id\":\"https:\/\/www.ascires.com\/en\/#website\"},\"datePublished\":\"2019-11-06T14:26:49+00:00\",\"dateModified\":\"2022-09-01T12:31:14+00:00\",\"description\":\"Grupo biom\u00e9dico l\u00edder en Espa\u00f1a en Gen\u00e9tica, Diagn\u00f3stico por Imagen y Medicina Nuclear, adem\u00e1s de un referente en Oncolog\u00eda Radioter\u00e1pica\",\"breadcrumb\":{\"@id\":\"https:\/\/www.ascires.com\/en\/about-u\/#breadcrumb\"},\"inLanguage\":\"en-US\",\"potentialAction\":[{\"@type\":\"ReadAction\",\"target\":[\"https:\/\/www.ascires.com\/en\/about-u\/\"]}]},{\"@type\":\"BreadcrumbList\",\"@id\":\"https:\/\/www.ascires.com\/en\/about-u\/#breadcrumb\",\"itemListElement\":[{\"@type\":\"ListItem\",\"position\":1,\"name\":\"Portada\",\"item\":\"https:\/\/www.ascires.com\/en\/\"},{\"@type\":\"ListItem\",\"position\":2,\"name\":\"About us\"}]},{\"@type\":\"WebSite\",\"@id\":\"https:\/\/www.ascires.com\/en\/#website\",\"url\":\"https:\/\/www.ascires.com\/en\/\",\"name\":\"Ascires\",\"description\":\"Medicina personalizada, medicina de precisi\u00f3n\",\"potentialAction\":[{\"@type\":\"SearchAction\",\"target\":{\"@type\":\"EntryPoint\",\"urlTemplate\":\"https:\/\/www.ascires.com\/en\/?s={search_term_string}\"},\"query-input\":{\"@type\":\"PropertyValueSpecification\",\"valueRequired\":true,\"valueName\":\"search_term_string\"}}],\"inLanguage\":\"en-US\"}]}<\/script>\n<!-- \/ Yoast SEO plugin. -->","yoast_head_json":{"title":"About Us - Ascires Biomedical Group","description":"Grupo biom\u00e9dico l\u00edder en Espa\u00f1a en Gen\u00e9tica, Diagn\u00f3stico por Imagen y Medicina Nuclear, adem\u00e1s de un referente en Oncolog\u00eda Radioter\u00e1pica","robots":{"index":"index","follow":"follow","max-snippet":"max-snippet:-1","max-image-preview":"max-image-preview:large","max-video-preview":"max-video-preview:-1"},"canonical":"https:\/\/www.ascires.com\/en\/about-u\/","og_locale":"en_US","og_type":"article","og_title":"About Us - Ascires Biomedical Group","og_description":"Grupo biom\u00e9dico l\u00edder en Espa\u00f1a en Gen\u00e9tica, Diagn\u00f3stico por Imagen y Medicina Nuclear, adem\u00e1s de un referente en Oncolog\u00eda Radioter\u00e1pica","og_url":"https:\/\/www.ascires.com\/en\/about-u\/","og_site_name":"Ascires","article_modified_time":"2022-09-01T12:31:14+00:00","twitter_card":"summary_large_image","twitter_misc":{"Est. reading time":"1 minute"},"schema":{"@context":"https:\/\/schema.org","@graph":[{"@type":"WebPage","@id":"https:\/\/www.ascires.com\/en\/about-u\/","url":"https:\/\/www.ascires.com\/en\/about-u\/","name":"About Us - Ascires Biomedical Group","isPartOf":{"@id":"https:\/\/www.ascires.com\/en\/#website"},"datePublished":"2019-11-06T14:26:49+00:00","dateModified":"2022-09-01T12:31:14+00:00","description":"Grupo biom\u00e9dico l\u00edder en Espa\u00f1a en Gen\u00e9tica, Diagn\u00f3stico por Imagen y Medicina Nuclear, adem\u00e1s de un referente en Oncolog\u00eda Radioter\u00e1pica","breadcrumb":{"@id":"https:\/\/www.ascires.com\/en\/about-u\/#breadcrumb"},"inLanguage":"en-US","potentialAction":[{"@type":"ReadAction","target":["https:\/\/www.ascires.com\/en\/about-u\/"]}]},{"@type":"BreadcrumbList","@id":"https:\/\/www.ascires.com\/en\/about-u\/#breadcrumb","itemListElement":[{"@type":"ListItem","position":1,"name":"Portada","item":"https:\/\/www.ascires.com\/en\/"},{"@type":"ListItem","position":2,"name":"About us"}]},{"@type":"WebSite","@id":"https:\/\/www.ascires.com\/en\/#website","url":"https:\/\/www.ascires.com\/en\/","name":"Ascires","description":"Medicina personalizada, medicina de precisi\u00f3n","potentialAction":[{"@type":"SearchAction","target":{"@type":"EntryPoint","urlTemplate":"https:\/\/www.ascires.com\/en\/?s={search_term_string}"},"query-input":{"@type":"PropertyValueSpecification","valueRequired":true,"valueName":"search_term_string"}}],"inLanguage":"en-US"}]}},"_links":{"self":[{"href":"https:\/\/www.ascires.com\/en\/wp-json\/wp\/v2\/pages\/2261","targetHints":{"allow":["GET"]}}],"collection":[{"href":"https:\/\/www.ascires.com\/en\/wp-json\/wp\/v2\/pages"}],"about":[{"href":"https:\/\/www.ascires.com\/en\/wp-json\/wp\/v2\/types\/page"}],"author":[{"embeddable":true,"href":"https:\/\/www.ascires.com\/en\/wp-json\/wp\/v2\/users\/1"}],"replies":[{"embeddable":true,"href":"https:\/\/www.ascires.com\/en\/wp-json\/wp\/v2\/comments?post=2261"}],"version-history":[{"count":27,"href":"https:\/\/www.ascires.com\/en\/wp-json\/wp\/v2\/pages\/2261\/revisions"}],"predecessor-version":[{"id":4034,"href":"https:\/\/www.ascires.com\/en\/wp-json\/wp\/v2\/pages\/2261\/revisions\/4034"}],"wp:attachment":[{"href":"https:\/\/www.ascires.com\/en\/wp-json\/wp\/v2\/media?parent=2261"}],"curies":[{"name":"wp","href":"https:\/\/api.w.org\/{rel}","templated":true}]}}